{"id":8,"date":"2017-01-17T10:24:14","date_gmt":"2017-01-17T09:24:14","guid":{"rendered":"http:\/\/localhost:8888\/le_carrelet\/?page_id=8"},"modified":"2026-02-12T16:36:16","modified_gmt":"2026-02-12T15:36:16","slug":"a-propos-de","status":"publish","type":"page","link":"https:\/\/lecarrelet.com\/index.php\/a-propos-de\/","title":{"rendered":"Carte Le Carrelet"},"content":{"rendered":"\n<p><\/p>\n\n\n\n<p><a href=\"https:\/\/lecarrelet.com\/wp-content\/uploads\/2026\/02\/LA_CARTE_FEVRIER_26.pdf\">D\u00e9couvrez notre carte i\u00e7i &#8230;<\/a><\/p>\n\n\n\n<p>\u00c0 tr\u00e8s bient\u00f4t !<\/p>\n\n\n\n<p><\/p>\n","protected":false},"excerpt":{"rendered":"<p>D\u00e9couvrez notre carte i\u00e7i &#8230; \u00c0 tr\u00e8s bient\u00f4t !<\/p>\n","protected":false},"author":1,"featured_media":14653,"parent":0,"menu_order":0,"comment_status":"closed","ping_status":"closed","template":"","meta":{"footnotes":""},"class_list":["post-8","page","type-page","status-publish","has-post-thumbnail","hentry"],"jetpack_sharing_enabled":true,"_links":{"self":[{"href":"https:\/\/lecarrelet.com\/index.php\/wp-json\/wp\/v2\/pages\/8","targetHints":{"allow":["GET"]}}],"collection":[{"href":"https:\/\/lecarrelet.com\/index.php\/wp-json\/wp\/v2\/pages"}],"about":[{"href":"https:\/\/lecarrelet.com\/index.php\/wp-json\/wp\/v2\/types\/page"}],"author":[{"embeddable":true,"href":"https:\/\/lecarrelet.com\/index.php\/wp-json\/wp\/v2\/users\/1"}],"replies":[{"embeddable":true,"href":"https:\/\/lecarrelet.com\/index.php\/wp-json\/wp\/v2\/comments?post=8"}],"version-history":[{"count":59,"href":"https:\/\/lecarrelet.com\/index.php\/wp-json\/wp\/v2\/pages\/8\/revisions"}],"predecessor-version":[{"id":23783,"href":"https:\/\/lecarrelet.com\/index.php\/wp-json\/wp\/v2\/pages\/8\/revisions\/23783"}],"wp:featuredmedia":[{"embeddable":true,"href":"https:\/\/lecarrelet.com\/index.php\/wp-json\/wp\/v2\/media\/14653"}],"wp:attachment":[{"href":"https:\/\/lecarrelet.com\/index.php\/wp-json\/wp\/v2\/media?parent=8"}],"curies":[{"name":"wp","href":"https:\/\/api.w.org\/{rel}","templated":true}]}}