{"id":75,"date":"2017-03-22T13:00:46","date_gmt":"2017-03-22T12:00:46","guid":{"rendered":"http:\/\/localhost:8888\/le_carrelet\/?page_id=75"},"modified":"2026-02-12T16:35:32","modified_gmt":"2026-02-12T15:35:32","slug":"les-vins","status":"publish","type":"page","link":"https:\/\/lecarrelet.com\/index.php\/les-vins\/","title":{"rendered":"Vins"},"content":{"rendered":"<p>Nous s\u00e9lectionnons avec soins des vins qui s&rsquo;accorderont parfaitement au plat que vous choisirez.<\/p>\n<p>Au verre ou \u00e0 la bouteille. Fa\u00eetes votre choix.<\/p>\n<p><a href=\"https:\/\/lecarrelet.com\/wp-content\/uploads\/2026\/02\/LA_CAVE_FEVRIER_26.pdf\">Carte des vins<\/a><\/p>\n","protected":false},"excerpt":{"rendered":"<p>Nous s\u00e9lectionnons avec soins des vins qui s&rsquo;accorderont parfaitement au plat que vous choisirez. Au verre ou \u00e0 la bouteille. Fa\u00eetes votre choix. Carte des vins<\/p>\n","protected":false},"author":1,"featured_media":14658,"parent":0,"menu_order":0,"comment_status":"closed","ping_status":"closed","template":"","meta":{"footnotes":""},"class_list":["post-75","page","type-page","status-publish","has-post-thumbnail","hentry"],"jetpack_sharing_enabled":true,"_links":{"self":[{"href":"https:\/\/lecarrelet.com\/index.php\/wp-json\/wp\/v2\/pages\/75","targetHints":{"allow":["GET"]}}],"collection":[{"href":"https:\/\/lecarrelet.com\/index.php\/wp-json\/wp\/v2\/pages"}],"about":[{"href":"https:\/\/lecarrelet.com\/index.php\/wp-json\/wp\/v2\/types\/page"}],"author":[{"embeddable":true,"href":"https:\/\/lecarrelet.com\/index.php\/wp-json\/wp\/v2\/users\/1"}],"replies":[{"embeddable":true,"href":"https:\/\/lecarrelet.com\/index.php\/wp-json\/wp\/v2\/comments?post=75"}],"version-history":[{"count":26,"href":"https:\/\/lecarrelet.com\/index.php\/wp-json\/wp\/v2\/pages\/75\/revisions"}],"predecessor-version":[{"id":23782,"href":"https:\/\/lecarrelet.com\/index.php\/wp-json\/wp\/v2\/pages\/75\/revisions\/23782"}],"wp:featuredmedia":[{"embeddable":true,"href":"https:\/\/lecarrelet.com\/index.php\/wp-json\/wp\/v2\/media\/14658"}],"wp:attachment":[{"href":"https:\/\/lecarrelet.com\/index.php\/wp-json\/wp\/v2\/media?parent=75"}],"curies":[{"name":"wp","href":"https:\/\/api.w.org\/{rel}","templated":true}]}}