{"id":53,"date":"2017-03-22T11:37:18","date_gmt":"2017-03-22T10:37:18","guid":{"rendered":"http:\/\/localhost:8888\/le_carrelet\/?page_id=53"},"modified":"2024-05-21T08:50:52","modified_gmt":"2024-05-21T06:50:52","slug":"bienvenue","status":"publish","type":"page","link":"https:\/\/lecarrelet.com\/","title":{"rendered":"Bienvenue"},"content":{"rendered":"<p>Bienvenue au restaurant familial Le Carrelet, o\u00f9 la passion culinaire se transmet de g\u00e9n\u00e9ration en g\u00e9n\u00e9ration. Notre \u00e9tablissement allie tradition et modernit\u00e9, mettant en avant des d\u00e9lices marins exquis et des plats savoureux de viande fran\u00e7aise.<\/p>\n<p>La fra\u00eecheur des produits de la mer et la collaboration avec des producteurs locaux sont nos priorit\u00e9s. Notre menu diversifi\u00e9 propose des recettes traditionnelles pr\u00e9par\u00e9es avec soin, et nos desserts maison ajoutent une touche sucr\u00e9e cr\u00e9ative.<\/p>\n<p>Notre \u00e9quipe d\u00e9vou\u00e9e et notre chef vous promettent une exp\u00e9rience gastronomique exceptionnelle dans une atmosph\u00e8re chaleureuse.<\/p>\n<p>Venez vivre des moments uniques au c\u0153ur du restaurant familial Le Carrelet, o\u00f9 chaque plat raconte une histoire de tradition, de passion et de qualit\u00e9.<\/p>\n","protected":false},"excerpt":{"rendered":"<p>Bienvenue au restaurant familial Le Carrelet, o\u00f9 la passion culinaire se transmet de g\u00e9n\u00e9ration en g\u00e9n\u00e9ration. Notre \u00e9tablissement allie tradition et modernit\u00e9, mettant en avant des d\u00e9lices marins exquis et des plats savoureux de viande fran\u00e7aise. La fra\u00eecheur des produits de la mer et la collaboration avec des producteurs locaux sont nos priorit\u00e9s. Notre menu &hellip; <\/p>\n<p class=\"link-more\"><a href=\"https:\/\/lecarrelet.com\/\" class=\"more-link\">Continuer la lecture<span class=\"screen-reader-text\"> de &laquo;&nbsp;Bienvenue&nbsp;&raquo;<\/span><\/a><\/p>\n","protected":false},"author":1,"featured_media":14657,"parent":0,"menu_order":0,"comment_status":"closed","ping_status":"closed","template":"","meta":{"footnotes":""},"class_list":["post-53","page","type-page","status-publish","has-post-thumbnail","hentry"],"jetpack_sharing_enabled":true,"_links":{"self":[{"href":"https:\/\/lecarrelet.com\/index.php\/wp-json\/wp\/v2\/pages\/53","targetHints":{"allow":["GET"]}}],"collection":[{"href":"https:\/\/lecarrelet.com\/index.php\/wp-json\/wp\/v2\/pages"}],"about":[{"href":"https:\/\/lecarrelet.com\/index.php\/wp-json\/wp\/v2\/types\/page"}],"author":[{"embeddable":true,"href":"https:\/\/lecarrelet.com\/index.php\/wp-json\/wp\/v2\/users\/1"}],"replies":[{"embeddable":true,"href":"https:\/\/lecarrelet.com\/index.php\/wp-json\/wp\/v2\/comments?post=53"}],"version-history":[{"count":6,"href":"https:\/\/lecarrelet.com\/index.php\/wp-json\/wp\/v2\/pages\/53\/revisions"}],"predecessor-version":[{"id":12746,"href":"https:\/\/lecarrelet.com\/index.php\/wp-json\/wp\/v2\/pages\/53\/revisions\/12746"}],"wp:featuredmedia":[{"embeddable":true,"href":"https:\/\/lecarrelet.com\/index.php\/wp-json\/wp\/v2\/media\/14657"}],"wp:attachment":[{"href":"https:\/\/lecarrelet.com\/index.php\/wp-json\/wp\/v2\/media?parent=53"}],"curies":[{"name":"wp","href":"https:\/\/api.w.org\/{rel}","templated":true}]}}