{"id":13183,"date":"2024-03-06T19:03:34","date_gmt":"2024-03-06T18:03:34","guid":{"rendered":"http:\/\/lecarrelet.com\/?page_id=13183"},"modified":"2024-03-06T19:03:34","modified_gmt":"2024-03-06T18:03:34","slug":"decouvrir-le-pays-royannais","status":"publish","type":"page","link":"https:\/\/lecarrelet.com\/index.php\/decouvrir-le-pays-royannais\/","title":{"rendered":"D\u00e9couvrir le pays Royannais"},"content":{"rendered":"\n<p>Bienvenue dans ce paradis o\u00f9 l&rsquo;oc\u00e9an Atlantique se m\u00eale \u00e0 la chaleur de la culture charentaise, invitant chacun \u00e0 une aventure baln\u00e9aire inoubliable. Ici, chaque rue, chaque souffle de vent \u00e9voque une promesse d&rsquo;\u00e9vasion et d&rsquo;\u00e9merveillement, pr\u00eate \u00e0 captiver tous vos sens.<\/p>\n\n\n\n<p>Laissez-vous envo\u00fbter par le murmure doux des vagues et la caresse du sable fin sous vos pieds. Les plages, en particulier la Grande Conche, vous invitent \u00e0 vous abandonner au rythme apaisant de la mer, offrant un havre de paix id\u00e9al pour des moments de d\u00e9tente en famille ou en amoureux.<\/p>\n\n\n\n<p>Parcourez les rues o\u00f9 l&rsquo;architecture \u00e9l\u00e9gante des villas baln\u00e9aires et des b\u00e2timents historiques raconte une histoire captivante. Chaque pas vous transporte dans un voyage \u00e0 travers le temps, o\u00f9 le charme intemporel vous envo\u00fbte \u00e0 chaque instant.<\/p>\n\n\n\n<p>Explorez les vestiges du pass\u00e9 en vous plongeant dans des sites historiques fascinants. Du <a href=\"https:\/\/www.fa-barzan.com\/\" target=\"_blank\" rel=\"noreferrer noopener\">site gallo-romain du F\u00e2<\/a>, qui t\u00e9moigne de la grandeur pass\u00e9e, \u00e0 l&rsquo;atmosph\u00e8re m\u00e9di\u00e9vale envo\u00fbtante de <a href=\"https:\/\/www.royanatlantique.fr\/destination-royan-atlantique\/estuaire-de-la-gironde\/talmont-sur-gironde\/\" target=\"_blank\" rel=\"noreferrer noopener\">Talmont-sur-Gironde<\/a>, chaque pierre \u00e9voque une histoire mill\u00e9naire qui ne demande qu&rsquo;\u00e0 \u00eatre d\u00e9couverte.<\/p>\n\n\n\n<p>\u00c9chappez-vous dans les tr\u00e9sors naturels, o\u00f9 la faune sauvage r\u00e8gne en ma\u00eetre. Explorez la <a href=\"https:\/\/www.reserve-moeze-oleron.fr\/\" target=\"_blank\" rel=\"noreferrer noopener\">r\u00e9serve ornithologique de Mo\u00ebze-Ol\u00e9ron<\/a>, un v\u00e9ritable havre de paix, ou laissez-vous charmer par le pittoresque village ostr\u00e9icole de <a href=\"https:\/\/www.royanatlantique.fr\/destination-royan-atlantique\/estuaire-de-la-seudre\/mornac-sur-seudre\/\" target=\"_blank\" rel=\"noreferrer noopener\">Mornac-sur-Seudre<\/a>, o\u00f9 le temps semble suspendu entre ciel et mer.<\/p>\n\n\n\n<p>\u00c0 proximit\u00e9, une multitude de d\u00e9couvertes vous attendent. Plongez au c\u0153ur de la vie marine \u00e0 l&rsquo;<a href=\"https:\/\/www.aquarium-larochelle.com\/\" target=\"_blank\" rel=\"noreferrer noopener\">Aquarium de La Rochelle<\/a>, o\u00f9 des cr\u00e9atures fascinantes vous attendent pour une rencontre inoubliable. Et pour une exp\u00e9rience sauvage incomparable, partez \u00e0 la rencontre des habitants du <a href=\"https:\/\/www.zoo-palmyre.fr\/fr\" target=\"_blank\" rel=\"noreferrer noopener\">Zoo de la Palmyre<\/a>, un parc animalier unique en son genre.<\/p>\n\n\n\n<p>Venez vivre l&rsquo;exp\u00e9rience <a href=\"https:\/\/www.royanatlantique.fr\/\" target=\"_blank\" rel=\"noreferrer noopener\">Royan Atlantique<\/a>. Que vous soyez en qu\u00eate de d\u00e9tente, d&rsquo;aventure ou de d\u00e9couvertes culturelles, cette destination baln\u00e9aire d&rsquo;exception vous r\u00e9serve mille et une surprises. Laissez-vous emporter par la passion et la beaut\u00e9 de cette ville, et cr\u00e9ez des souvenirs qui dureront toute une vie.<\/p>\n","protected":false},"excerpt":{"rendered":"<p>Bienvenue dans ce paradis o\u00f9 l&rsquo;oc\u00e9an Atlantique se m\u00eale \u00e0 la chaleur de la culture charentaise, invitant chacun \u00e0 une aventure baln\u00e9aire inoubliable. Ici, chaque rue, chaque souffle de vent \u00e9voque une promesse d&rsquo;\u00e9vasion et d&rsquo;\u00e9merveillement, pr\u00eate \u00e0 captiver tous vos sens. Laissez-vous envo\u00fbter par le murmure doux des vagues et la caresse du sable &hellip; <\/p>\n<p class=\"link-more\"><a href=\"https:\/\/lecarrelet.com\/index.php\/decouvrir-le-pays-royannais\/\" class=\"more-link\">Continuer la lecture<span class=\"screen-reader-text\"> de &laquo;&nbsp;D\u00e9couvrir le pays Royannais&nbsp;&raquo;<\/span><\/a><\/p>\n","protected":false},"author":1,"featured_media":0,"parent":0,"menu_order":0,"comment_status":"closed","ping_status":"closed","template":"","meta":{"footnotes":""},"class_list":["post-13183","page","type-page","status-publish","hentry"],"jetpack_sharing_enabled":true,"_links":{"self":[{"href":"https:\/\/lecarrelet.com\/index.php\/wp-json\/wp\/v2\/pages\/13183","targetHints":{"allow":["GET"]}}],"collection":[{"href":"https:\/\/lecarrelet.com\/index.php\/wp-json\/wp\/v2\/pages"}],"about":[{"href":"https:\/\/lecarrelet.com\/index.php\/wp-json\/wp\/v2\/types\/page"}],"author":[{"embeddable":true,"href":"https:\/\/lecarrelet.com\/index.php\/wp-json\/wp\/v2\/users\/1"}],"replies":[{"embeddable":true,"href":"https:\/\/lecarrelet.com\/index.php\/wp-json\/wp\/v2\/comments?post=13183"}],"version-history":[{"count":1,"href":"https:\/\/lecarrelet.com\/index.php\/wp-json\/wp\/v2\/pages\/13183\/revisions"}],"predecessor-version":[{"id":13184,"href":"https:\/\/lecarrelet.com\/index.php\/wp-json\/wp\/v2\/pages\/13183\/revisions\/13184"}],"wp:attachment":[{"href":"https:\/\/lecarrelet.com\/index.php\/wp-json\/wp\/v2\/media?parent=13183"}],"curies":[{"name":"wp","href":"https:\/\/api.w.org\/{rel}","templated":true}]}}